{"id":1971,"date":"2025-06-05T15:17:44","date_gmt":"2025-06-05T13:17:44","guid":{"rendered":"https:\/\/alfawarehouses.pl\/?page_id=1971"},"modified":"2025-06-05T15:48:21","modified_gmt":"2025-06-05T13:48:21","slug":"%d0%b2%d0%b0%d1%88%d0%b0-%d0%b4%d1%83%d0%bc%d0%ba%d0%b0-%d0%bc%d0%b0%d1%94-%d0%b7%d0%bd%d0%b0%d1%87%d0%b5%d0%bd%d0%bd%d1%8f","status":"publish","type":"page","link":"https:\/\/alfawarehouses.pl\/uk\/twoja-opinia-ma-znaczenie\/","title":{"rendered":"\u0412\u0430\u0448\u0430 \u0434\u0443\u043c\u043a\u0430 \u0432\u0430\u0436\u043b\u0438\u0432\u0430!"},"content":{"rendered":"<p>\u041e\u0446\u0456\u043d\u0456\u0442\u044c \u043d\u0430\u0448 \u0436\u0443\u0440\u043d\u0430\u043b, \u043d\u0430\u0442\u0438\u0441\u043d\u0443\u0432\u0448\u0438 \u043d\u0430 \u0432\u0456\u0434\u043f\u043e\u0432\u0456\u0434\u043d\u0443 \u043a\u0456\u043b\u044c\u043a\u0456\u0441\u0442\u044c \u0437\u0456\u0440\u043e\u0447\u043e\u043a. \u0412\u0430\u0448\u0456 \u0432\u0456\u0434\u0433\u0443\u043a\u0438 \u0434\u043e\u043f\u043e\u043c\u0430\u0433\u0430\u044e\u0442\u044c \u043d\u0430\u043c \u0440\u043e\u0437\u0432\u0438\u0432\u0430\u0442\u0438\u0441\u044f \u0442\u0430 \u043f\u043e\u043a\u0440\u0430\u0449\u0443\u0432\u0430\u0442\u0438 \u043d\u0430\u0448\u0456 \u043f\u043e\u0441\u043b\u0443\u0433\u0438. \u0414\u044f\u043a\u0443\u0454\u043c\u043e, \u0449\u043e \u0432\u0438 \u0437 \u043d\u0430\u043c\u0438!<\/p>\n\n\n\n<style>\n        .star-rating {\n            display: flex;\n            justify-content: center;\n            gap: 10px;\n            max-width: 600px;\n            margin: 0 auto;\n        }\n        .star {\n            font-size: 3.5rem;\n            color: transparent;\n            cursor: pointer;\n            transition: color 0.3s;\n            -webkit-text-stroke: 2px gold;\n            text-decoration: none;\n        }\n        .star.filled {\n            color: gold;\n        }\n        .star a {\n            text-decoration: none;\n            color: inherit;\n        }\n<\/style>\n<div class=\"star-rating\">\n    <a href=\"#nps\" class=\"star\" data-value=\"1\">&#9733;<\/a>\n    <a href=\"#nps\" class=\"star\" data-value=\"2\">&#9733;<\/a>\n    <a href=\"#nps\" class=\"star\" data-value=\"3\">&#9733;<\/a>\n    <a href=\"https:\/\/g.page\/r\/CejhPUgJdqT0EBM\/review\" class=\"star\" data-value=\"4\">&#9733;<\/a>\n    <a href=\"https:\/\/g.page\/r\/CejhPUgJdqT0EBM\/review\" class=\"star\" data-value=\"5\">&#9733;<\/a>\n<\/div>\n<script>\n    const stars = document.querySelectorAll('.star');\n    \n    stars.forEach((star, index) => {\n        star.addEventListener('mouseover', () => {\n            stars.forEach((s, i) => {\n                if (i <= index) {\n                    s.classList.add('filled');\n                } else {\n                    s.classList.remove('filled');\n                }\n            });\n        });\n\n        star.addEventListener('mouseleave', () => {\n            stars.forEach((s) => s.classList.remove('filled'));\n        });\n    });\n<\/script>\n\n\n\n<p><\/p>","protected":false},"excerpt":{"rendered":"<p>Oce\u0144 nasz magazyn, klikaj\u0105c w odpowiedni\u0105 liczb\u0119 gwiazdek. Twoja opinia pomaga nam rozwija\u0107 si\u0119 i poprawia\u0107 jako\u015b\u0107 naszych us\u0142ug. Dzi\u0119kujemy, \u017ce jeste\u015b z nami! &#9733; &#9733; &#9733; &#9733; &#9733;<\/p>","protected":false},"author":3,"featured_media":0,"parent":0,"menu_order":0,"comment_status":"closed","ping_status":"closed","template":"","meta":{"_eb_attr":"","_kad_blocks_custom_css":"","_kad_blocks_head_custom_js":"","_kad_blocks_body_custom_js":"","_kad_blocks_footer_custom_js":"","_kad_post_transparent":"default","_kad_post_title":"default","_kad_post_layout":"","_kad_post_sidebar_id":"","_kad_post_content_style":"","_kad_post_vertical_padding":"","_kad_post_feature":"","_kad_post_feature_position":"","_kad_post_header":true,"_kad_post_footer":true,"_kad_post_classname":"","footnotes":""},"class_list":["post-1971","page","type-page","status-publish","hentry"],"taxonomy_info":[],"featured_image_src_large":false,"author_info":{"display_name":"Mariusz","author_link":"https:\/\/alfawarehouses.pl\/uk\/author\/mariusz\/"},"comment_info":0,"_links":{"self":[{"href":"https:\/\/alfawarehouses.pl\/uk\/wp-json\/wp\/v2\/pages\/1971","targetHints":{"allow":["GET"]}}],"collection":[{"href":"https:\/\/alfawarehouses.pl\/uk\/wp-json\/wp\/v2\/pages"}],"about":[{"href":"https:\/\/alfawarehouses.pl\/uk\/wp-json\/wp\/v2\/types\/page"}],"author":[{"embeddable":true,"href":"https:\/\/alfawarehouses.pl\/uk\/wp-json\/wp\/v2\/users\/3"}],"replies":[{"embeddable":true,"href":"https:\/\/alfawarehouses.pl\/uk\/wp-json\/wp\/v2\/comments?post=1971"}],"version-history":[{"count":4,"href":"https:\/\/alfawarehouses.pl\/uk\/wp-json\/wp\/v2\/pages\/1971\/revisions"}],"predecessor-version":[{"id":1979,"href":"https:\/\/alfawarehouses.pl\/uk\/wp-json\/wp\/v2\/pages\/1971\/revisions\/1979"}],"wp:attachment":[{"href":"https:\/\/alfawarehouses.pl\/uk\/wp-json\/wp\/v2\/media?parent=1971"}],"curies":[{"name":"wp","href":"https:\/\/api.w.org\/{rel}","templated":true}]}}